{"id":2292,"date":"2023-02-02T21:50:45","date_gmt":"2023-02-02T21:50:45","guid":{"rendered":"http:\/\/cezartridapalli.com.br\/?page_id=2292"},"modified":"2024-09-23T22:15:33","modified_gmt":"2024-09-23T22:15:33","slug":"psicanalise","status":"publish","type":"page","link":"https:\/\/cezartridapalli.com.br\/?page_id=2292","title":{"rendered":"Consult\u00f3rios para loca\u00e7\u00e3o"},"content":{"rendered":"<h3><strong>Voc\u00ea \u00e9 psicanalista e\/ou psic\u00f3logo e tem interesse em alugar um consult\u00f3rio? Conhe\u00e7a os espa\u00e7os e vamos conversar.<\/strong><\/h3>\n<figure class=\"video_frame\"><iframe loading=\"lazy\" title=\"Consult\u00f3rios de psican\u00e1lise e psicologia | atendimento e loca\u00e7\u00e3o\" width=\"500\" height=\"281\" src=\"https:\/\/www.youtube.com\/embed\/WpV7qRlOSC0?feature=oembed\" frameborder=\"0\" allow=\"accelerometer; autoplay; clipboard-write; encrypted-media; gyroscope; picture-in-picture; web-share\" referrerpolicy=\"strict-origin-when-cross-origin\" allowfullscreen><\/iframe><\/figure>\n<hr \/>\n<h2>Rua Riachuelo, 102 |\u00a011\u00ba. andar | sala 112 | Centro | Curitiba<\/h2>\n<h2>Contatos:<\/h2>\n<h2><span style=\"color: #0000ff;\"><a style=\"color: #0000ff;\" href=\"mailto:cezartri@gmail.com\" target=\"_blank\" rel=\"noreferrer noopener\">E-mail<\/a><\/span><\/h2>\n<h2><span style=\"color: #0000ff;\"><a style=\"color: #0000ff;\" href=\"https:\/\/api.whatsapp.com\/send?phone=5541992449778&amp;text=Ol%C3%A1,%20eu%20gostaria%20de%20obter%20mais%20informa%C3%A7%C3%B5es%20a%20respeito%20de:%0A%0Aa)-%20loca%C3%A7%C3%A3o%20de%20consult%C3%B3rios%20%7C%20b)-%20an%C3%A1lise%20pessoal\">Whatsapp<\/a><\/span><\/h2>\n<hr \/>\n<h1><strong>Espa\u00e7o de recep\u00e7\u00e3o | Sala de espera<\/strong><\/h1>\n<h4><strong>3 poltronas | Banheiro | \u00c1gua filtrada | M\u00fasica ambiente | Op\u00e7\u00f5es de caf\u00e9 \u00e0 venda | Livros e revistas | Wi-fi | Decora\u00e7\u00e3o aconchegante<\/strong><\/h4>\n<p><img decoding=\"async\" loading=\"lazy\" class=\"alignleft\" src=\"https:\/\/cezartridapalli.com.br\/wp-content\/uploads\/2023\/01\/20230121_183937-min.jpg\" alt=\"\" width=\"888\" height=\"400\" \/><\/p>\n<p><img decoding=\"async\" loading=\"lazy\" class=\"alignleft\" src=\"https:\/\/cezartridapalli.com.br\/wp-content\/uploads\/2023\/01\/20230121_184006-min.jpg\" width=\"209\" height=\"467\" \/><\/p>\n<p><img decoding=\"async\" loading=\"lazy\" class=\"alignleft\" src=\"https:\/\/cezartridapalli.com.br\/wp-content\/uploads\/2023\/01\/Arquivo19-min.jpg\" width=\"209\" height=\"466\" \/><\/p>\n<p><img decoding=\"async\" loading=\"lazy\" class=\"alignleft\" src=\"https:\/\/cezartridapalli.com.br\/wp-content\/uploads\/2023\/01\/Arquivo5-min.jpg\" width=\"209\" height=\"466\" \/><\/p>\n<p><img decoding=\"async\" loading=\"lazy\" class=\"alignleft\" src=\"https:\/\/cezartridapalli.com.br\/wp-content\/uploads\/2023\/01\/Arquivo1-min.jpg\" width=\"210\" height=\"468\" \/><\/p>\n<h2><\/h2>\n<h2><\/h2>\n<h2><\/h2>\n<h2><\/h2>\n<h2><\/h2>\n<h2><\/h2>\n<h2><\/h2>\n<h2><\/h2>\n<h2><\/h2>\n<h2><\/h2>\n<h2><\/h2>\n<h2><\/h2>\n<h2><\/h2>\n<hr \/>\n<h2><strong>Banheiro<\/strong><\/h2>\n<p><img decoding=\"async\" loading=\"lazy\" class=\"alignleft\" src=\"https:\/\/cezartridapalli.com.br\/wp-content\/uploads\/2023\/01\/20230121_184042-min.jpg\" width=\"326\" height=\"727\" \/><\/p>\n<hr \/>\n<h1><strong>Consult\u00f3rio 1<\/strong><\/h1>\n<h4><strong>Poltrona do profissional | 2 poltronas convencionais | 1 div\u00e3 | Wi-fi | Ampla bancada de trabalho para computador | Arm\u00e1rios embaixo da bancada | Decora\u00e7\u00e3o aconchegante | Andar alto | Paredes espessas entre consult\u00f3rios (tijolo ecol\u00f3gico, de barro, sem queima)<\/strong><\/h4>\n<p><img decoding=\"async\" loading=\"lazy\" class=\"alignleft\" src=\"https:\/\/cezartridapalli.com.br\/wp-content\/uploads\/2023\/01\/Arquivo6-min.jpg\" width=\"889\" height=\"400\" \/><\/p>\n<p><a href=\"https:\/\/cezartridapalli.com.br\/?attachment_id=2299\" rel=\"attachment wp-att-2299\"><img decoding=\"async\" loading=\"lazy\" class=\"alignleft\" src=\"https:\/\/cezartridapalli.com.br\/wp-content\/uploads\/2023\/01\/20230121_184134-min.jpg\" width=\"284\" height=\"634\" \/><\/a><\/p>\n<p><a href=\"https:\/\/cezartridapalli.com.br\/?attachment_id=2303\" rel=\"attachment wp-att-2303\"><img decoding=\"async\" loading=\"lazy\" class=\"alignleft\" src=\"https:\/\/cezartridapalli.com.br\/wp-content\/uploads\/2023\/01\/20230121_184051-min.jpg\" width=\"284\" height=\"634\" \/><\/a><\/p>\n<p><img decoding=\"async\" loading=\"lazy\" class=\"alignleft\" src=\"https:\/\/cezartridapalli.com.br\/wp-content\/uploads\/2023\/01\/20221019_175124-min.jpg\" width=\"284\" height=\"634\" \/><\/p>\n<p style=\"text-align: right;\"><img decoding=\"async\" loading=\"lazy\" class=\"alignleft\" src=\"https:\/\/cezartridapalli.com.br\/wp-content\/uploads\/2023\/01\/20230121_184153-min.jpg\" width=\"436\" height=\"196\" \/><\/p>\n<p><img decoding=\"async\" loading=\"lazy\" class=\"alignleft\" src=\"https:\/\/cezartridapalli.com.br\/wp-content\/uploads\/2023\/01\/20221019_164937-min.jpg\" width=\"436\" height=\"196\" \/><\/p>\n<hr \/>\n<h1><strong>Consult\u00f3rio 2<\/strong><\/h1>\n<h4><strong>Poltrona do profissional | 2 poltronas convencionais | 1 div\u00e3 | Wi-fi | Ampla bancada de trabalho para computador | Arm\u00e1rios embaixo da bancada | Decora\u00e7\u00e3o aconchegante | Andar alto | Paredes espessas entre consult\u00f3rios (tijolo ecol\u00f3gico, de barro, sem queima) | Mais espa\u00e7oso, comporta atendimento infantil<\/strong><\/h4>\n<p><img decoding=\"async\" loading=\"lazy\" class=\"alignleft\" src=\"https:\/\/cezartridapalli.com.br\/wp-content\/uploads\/2023\/01\/20221019_164911-min.jpg\" width=\"889\" height=\"400\" \/><\/p>\n<p><img decoding=\"async\" loading=\"lazy\" class=\"alignleft\" src=\"https:\/\/cezartridapalli.com.br\/wp-content\/uploads\/2023\/01\/20221019_162415-min.jpg\" width=\"433\" height=\"195\" \/><\/p>\n<p><img decoding=\"async\" loading=\"lazy\" class=\"alignleft\" src=\"https:\/\/cezartridapalli.com.br\/wp-content\/uploads\/2023\/01\/Arquivo15-min.jpg\" width=\"438\" height=\"197\" \/><\/p>\n<p><img decoding=\"async\" loading=\"lazy\" class=\"alignleft\" src=\"https:\/\/cezartridapalli.com.br\/wp-content\/uploads\/2023\/01\/Arquivo11-min.jpg\" width=\"889\" height=\"400\" \/><\/p>\n<p><img decoding=\"async\" loading=\"lazy\" class=\"alignleft\" src=\"https:\/\/cezartridapalli.com.br\/wp-content\/uploads\/2023\/01\/20220929_123354-min.jpg\" width=\"434\" height=\"195\" \/><\/p>\n<p><img decoding=\"async\" loading=\"lazy\" class=\"alignleft\" src=\"https:\/\/cezartridapalli.com.br\/wp-content\/uploads\/2023\/01\/Arquivo16-min.jpg\" width=\"435\" height=\"196\" \/><\/p>\n<hr \/>\n<h1><strong>Outros afetos<\/strong><\/h1>\n<p><a href=\"https:\/\/cezartridapalli.com.br\/?attachment_id=2314\" rel=\"attachment wp-att-2314\"><img decoding=\"async\" loading=\"lazy\" class=\"alignleft\" src=\"https:\/\/cezartridapalli.com.br\/wp-content\/uploads\/2023\/01\/20221103_142936-min.jpg\" width=\"261\" height=\"582\" \/><\/a><\/p>\n<p><a href=\"https:\/\/cezartridapalli.com.br\/?attachment_id=2315\" rel=\"attachment wp-att-2315\"><img decoding=\"async\" loading=\"lazy\" class=\"alignleft\" src=\"https:\/\/cezartridapalli.com.br\/wp-content\/uploads\/2023\/01\/20221103_142929-min.jpg\" width=\"262\" height=\"584\" \/><\/a><\/p>\n<p><a href=\"https:\/\/cezartridapalli.com.br\/?attachment_id=2316\" rel=\"attachment wp-att-2316\"><img decoding=\"async\" loading=\"lazy\" class=\"alignleft\" src=\"https:\/\/cezartridapalli.com.br\/wp-content\/uploads\/2023\/01\/20221103_142925-min.jpg\" width=\"262\" height=\"584\" \/><\/a><\/p>\n<p><a href=\"https:\/\/cezartridapalli.com.br\/?attachment_id=2317\" rel=\"attachment wp-att-2317\"><img decoding=\"async\" loading=\"lazy\" class=\"alignleft\" src=\"https:\/\/cezartridapalli.com.br\/wp-content\/uploads\/2023\/01\/20221103_142922-min.jpg\" width=\"261\" height=\"582\" \/><\/a><\/p>\n<p><a href=\"https:\/\/cezartridapalli.com.br\/?attachment_id=2318\" rel=\"attachment wp-att-2318\"><img decoding=\"async\" loading=\"lazy\" class=\"alignleft\" src=\"https:\/\/cezartridapalli.com.br\/wp-content\/uploads\/2023\/01\/20221103_142914-min.jpg\" width=\"261\" height=\"582\" \/><\/a><\/p>\n<p><img decoding=\"async\" loading=\"lazy\" class=\"alignleft\" src=\"https:\/\/cezartridapalli.com.br\/wp-content\/uploads\/2023\/01\/20221103_142941-min.jpg\" width=\"261\" height=\"582\" \/> <a href=\"https:\/\/cezartridapalli.com.br\/?attachment_id=2336\" rel=\"attachment wp-att-2336\"><img decoding=\"async\" loading=\"lazy\" class=\"alignleft\" src=\"https:\/\/cezartridapalli.com.br\/wp-content\/uploads\/2023\/01\/20230121_184518-min.jpg\" width=\"260\" height=\"580\" \/><img decoding=\"async\" loading=\"lazy\" class=\"alignleft\" src=\"https:\/\/cezartridapalli.com.br\/wp-content\/uploads\/2023\/01\/Arquivo12-min.jpg\" width=\"543\" height=\"244\" \/><\/a><\/p>\n<p><img decoding=\"async\" loading=\"lazy\" class=\"alignleft\" src=\"https:\/\/cezartridapalli.com.br\/wp-content\/uploads\/2023\/01\/Arquivo8-min.jpg\" width=\"542\" height=\"244\" \/><\/p>\n<hr \/>\n<h3>Rua Riachuelo, 102 |\u00a011\u00ba. andar | sala 112 | Centro | Curitiba<\/h3>\n<h2><span style=\"color: #333399;\"><a style=\"color: #333399;\" href=\"https:\/\/cezartridapalli.com.br\/\" target=\"_blank\" rel=\"noopener noreferrer\">Cezar Tridapalli<\/a><\/span> |\u00a0<span style=\"color: #333399;\"><span style=\"color: #000080;\"><a style=\"color: #000080;\" href=\"https:\/\/linktr.ee\/cezartri\" target=\"_blank\" rel=\"noopener noreferrer\">https:\/\/linktr.ee\/cezartri<\/a><\/span> | <a style=\"color: #333399;\" href=\"mailto:cezartri@gmail.com\" target=\"_blank\" rel=\"noopener noreferrer\">cezartri@gmail.com<\/a> |\u00a0<a style=\"color: #333399;\" href=\"https:\/\/api.whatsapp.com\/send?phone=5541992449778&amp;text=Ol%C3%A1,%20eu%20gostaria%20de%20obter%20mais%20informa%C3%A7%C3%B5es%20a%20respeito%20de:%0A%0Aa)-%20loca%C3%A7%C3%A3o%20de%20consult%C3%B3rios%20%7C%20b)-%20an%C3%A1lise%20pessoal\">whatsapp<\/a><\/span><\/h2>\n<hr \/>\n<h1>Hor\u00e1rios dispon\u00edveis:<\/h1>\n<h2>De segunda a sexta-feira | escolha seu dia e seu per\u00edodo (manh\u00e3, tarde, noite)*:<\/h2>\n<h3>7 \u00e0s 12 \u2013 5 horas: R$250,00 \/ m\u00eas<\/h3>\n<h3>12 \u00e0s 17 \u2013 5 horas: R$250,00 \/ m\u00eas<\/h3>\n<h3>17 \u00e0s 21 \u2013 4 horas: R$200,00 \/ m\u00eas (\u00faltima entrada no edif\u00edcio at\u00e9 as 20h)<\/h3>\n<hr \/>\n<h2>S\u00e1bados:<\/h2>\n<h3>7 \u00e0s 12h30 \u2013 5 horas e meia: R$250,00 \/ m\u00eas<\/h3>\n<h4><\/h4>\n<h3>12h30 \u00e0s 18 \u2013 5 horas e meia: R$250,00 \/ m\u00eas<\/h3>\n<h4><span style=\"color: #ffffff;\">*Condi\u00e7\u00f5es especiais para loca\u00e7\u00e3o de mais de dois per\u00edodos.<\/span><\/h4>\n<hr \/>\n<h2>Espa\u00e7o de recep\u00e7\u00e3o com:<\/h2>\n<h3>&#8211; M\u00fasica ambiente;<\/h3>\n<h3>&#8211; 3 poltronas;<\/h3>\n<h3>&#8211; \u00c1gua filtrada;<\/h3>\n<h3>&#8211; Op\u00e7\u00f5es de caf\u00e9s Dolce Gusto (R$5,00 via pix)<\/h3>\n<h3>&#8211; Wi-fi<\/h3>\n<h3>&#8211; Decora\u00e7\u00e3o aconchegante<\/h3>\n<h3>&#8211; Banheiro<\/h3>\n<hr \/>\n<h2>Consult\u00f3rios com:<\/h2>\n<h3>&#8211; Wi-fi<\/h3>\n<h3>&#8211; 2 poltronas<\/h3>\n<h3>&#8211; 1 div\u00e3<\/h3>\n<h3>&#8211; Ampla bancada de trabalho para computador<\/h3>\n<h3>&#8211; Arm\u00e1rios<\/h3>\n<h3>&#8211; Decora\u00e7\u00e3o aconchegante<\/h3>\n<h3>&#8211; Andar alto<\/h3>\n<h3>&#8211; Paredes espessas entre consult\u00f3rios (tijolo ecol\u00f3gico de barro)<\/h3>\n<hr \/>\n<h2><span style=\"color: #333399;\"><a style=\"color: #333399;\" href=\"https:\/\/cezartridapalli.com.br\/\" target=\"_blank\" rel=\"noopener noreferrer\">Cezar Tridapalli<\/a><\/span> |\u00a0<span style=\"color: #333399;\"><span style=\"color: #000080;\"><a style=\"color: #000080;\" href=\"https:\/\/linktr.ee\/cezartri\" target=\"_blank\" rel=\"noopener noreferrer\">https:\/\/linktr.ee\/cezartri<\/a><\/span> | <a style=\"color: #333399;\" href=\"mailto:cezartri@gmail.com\" target=\"_blank\" rel=\"noopener noreferrer\">cezartri@gmail.com<\/a> |\u00a0<a style=\"color: #333399;\" href=\"https:\/\/api.whatsapp.com\/send?phone=5541992449778&amp;text=Ol%C3%A1,%20eu%20gostaria%20de%20obter%20mais%20informa%C3%A7%C3%B5es%20a%20respeito%20de:%0A%0Aa)-%20loca%C3%A7%C3%A3o%20de%20consult%C3%B3rios%20%7C%20b)-%20an%C3%A1lise%20pessoal\">whatsapp<\/a><\/span><\/h2>\n","protected":false},"excerpt":{"rendered":"<p>Voc\u00ea \u00e9 psicanalista e\/ou psic\u00f3logo e tem interesse em alugar um consult\u00f3rio? Conhe\u00e7a os espa\u00e7os e vamos conversar. Rua Riachuelo, [&hellip;]<\/p>\n","protected":false},"author":1,"featured_media":0,"parent":0,"menu_order":0,"comment_status":"closed","ping_status":"closed","template":"","meta":{"_monsterinsights_skip_tracking":false,"_monsterinsights_sitenote_active":false,"_monsterinsights_sitenote_note":"","_monsterinsights_sitenote_category":0},"_links":{"self":[{"href":"https:\/\/cezartridapalli.com.br\/index.php?rest_route=\/wp\/v2\/pages\/2292"}],"collection":[{"href":"https:\/\/cezartridapalli.com.br\/index.php?rest_route=\/wp\/v2\/pages"}],"about":[{"href":"https:\/\/cezartridapalli.com.br\/index.php?rest_route=\/wp\/v2\/types\/page"}],"author":[{"embeddable":true,"href":"https:\/\/cezartridapalli.com.br\/index.php?rest_route=\/wp\/v2\/users\/1"}],"replies":[{"embeddable":true,"href":"https:\/\/cezartridapalli.com.br\/index.php?rest_route=%2Fwp%2Fv2%2Fcomments&post=2292"}],"version-history":[{"count":143,"href":"https:\/\/cezartridapalli.com.br\/index.php?rest_route=\/wp\/v2\/pages\/2292\/revisions"}],"predecessor-version":[{"id":2771,"href":"https:\/\/cezartridapalli.com.br\/index.php?rest_route=\/wp\/v2\/pages\/2292\/revisions\/2771"}],"wp:attachment":[{"href":"https:\/\/cezartridapalli.com.br\/index.php?rest_route=%2Fwp%2Fv2%2Fmedia&parent=2292"}],"curies":[{"name":"wp","href":"https:\/\/api.w.org\/{rel}","templated":true}]}}