{"id":2579,"date":"2023-02-18T23:57:53","date_gmt":"2023-02-18T23:57:53","guid":{"rendered":"https:\/\/cezartridapalli.com.br\/?page_id=2579"},"modified":"2023-02-24T17:34:25","modified_gmt":"2023-02-24T17:34:25","slug":"minha-historia-com-a-psicanalise","status":"publish","type":"page","link":"https:\/\/cezartridapalli.com.br\/?page_id=2579","title":{"rendered":"Minha hist\u00f3ria com a psican\u00e1lise"},"content":{"rendered":"<div class=\"wp-block-image\">\n<figure class=\"alignleft size-large is-resized\"><a href=\"https:\/\/cezartridapalli.com.br\/wp-content\/uploads\/2023\/01\/Arquivo9-min.jpg\"><img decoding=\"async\" loading=\"lazy\" src=\"https:\/\/cezartridapalli.com.br\/wp-content\/uploads\/2023\/02\/Arquivo9-min-edited-1-scaled.jpg\" alt=\"\" class=\"wp-image-2580\" width=\"342\" height=\"607\" srcset=\"https:\/\/cezartridapalli.com.br\/wp-content\/uploads\/2023\/02\/Arquivo9-min-edited-1-scaled.jpg 1441w, https:\/\/cezartridapalli.com.br\/wp-content\/uploads\/2023\/02\/Arquivo9-min-edited-1-169x300.jpg 169w, https:\/\/cezartridapalli.com.br\/wp-content\/uploads\/2023\/02\/Arquivo9-min-edited-1-576x1024.jpg 576w, https:\/\/cezartridapalli.com.br\/wp-content\/uploads\/2023\/02\/Arquivo9-min-edited-1-768x1365.jpg 768w, https:\/\/cezartridapalli.com.br\/wp-content\/uploads\/2023\/02\/Arquivo9-min-edited-1-864x1536.jpg 864w, https:\/\/cezartridapalli.com.br\/wp-content\/uploads\/2023\/02\/Arquivo9-min-edited-1-1152x2048.jpg 1152w, https:\/\/cezartridapalli.com.br\/wp-content\/uploads\/2023\/02\/Arquivo9-min-edited-1-304x540.jpg 304w, https:\/\/cezartridapalli.com.br\/wp-content\/uploads\/2023\/02\/Arquivo9-min-edited-1-296x526.jpg 296w\" sizes=\"(max-width: 342px) 100vw, 342px\" \/><\/a><\/figure><\/div>\n\n\n<p class=\"has-small-font-size\">Estudo psican\u00e1lise \u2013 sabendo que a estou estudando \u2013 desde 2018. Digo \u201csabendo que a estou estudando\u201d porque muito cedo eu me indagava sobre quest\u00f5es relativas \u00e0 subjetiva\u00e7\u00e3o e ao papel da linguagem na cria\u00e7\u00e3o do sujeito. Muito antes at\u00e9 do curso de Letras, na UFPR, no qual me formei, fazendo posteriormente o mestrado em Estudos Liter\u00e1rios na mesma institui\u00e7\u00e3o.&nbsp;Como leitor e escritor de literatura, a investiga\u00e7\u00e3o dos atos, dos pensamentos, das contradi\u00e7\u00f5es entre o que o indiv\u00edduo pensa e diz e o que o&nbsp;sujeito do inconsciente parece muitas vezes desmentir&nbsp;foi o que desde sempre mais me interessou.<\/p>\n\n\n\n<p class=\"has-small-font-size\">Durante&nbsp;<strong><a rel=\"noreferrer noopener\" href=\"https:\/\/acervodigital.ufpr.br\/handle\/1884\/24529\" target=\"_blank\"><mark style=\"background-color:rgba(0, 0, 0, 0)\" class=\"has-inline-color has-vivid-cyan-blue-color\">mestrado em Estudos Liter\u00e1rios<\/mark><\/a><\/strong>, utilizei bastante refer\u00eancia bibliogr\u00e1fica italiana. A partir da\u00ed, fui convidado pela editora da Universidade Federal do Paran\u00e1 a&nbsp;<strong><a rel=\"noreferrer noopener\" href=\"https:\/\/www.editora.ufpr.br\/produto\/419\/fantastico,-o\" target=\"_blank\"><mark style=\"background-color:rgba(0, 0, 0, 0)\" class=\"has-inline-color has-vivid-cyan-blue-color\">traduzir&nbsp;<em>Il fantastico<\/em><\/mark><\/a><\/strong>, obra te\u00f3rica do professor Remo Ceserani sobre literatura fant\u00e1stica. Ali come\u00e7ava uma&nbsp;<strong><a rel=\"noreferrer noopener\" href=\"https:\/\/cezartridapalli.com.br\/?cat=31\" target=\"_blank\"><mark style=\"background-color:rgba(0, 0, 0, 0)\" class=\"has-inline-color has-vivid-cyan-blue-color\">carreira na tradu\u00e7\u00e3o<\/mark><\/a><\/strong>&nbsp;e um encontro te\u00f3rico mais estreito com Sigmund Freud, uma vez que a obra dialogava com o conceito&nbsp;de estranho familiar, anos depois retraduzido no Brasil como \u201cinfamiliar\u201d(<em>unheimlich<\/em>).<\/p>\n\n\n\n<p class=\"has-small-font-size\">Comecei, a partir de 2018, a participar de\u00a0<strong><a rel=\"noreferrer noopener\" href=\"https:\/\/cezartridapalli.com.br\/?cat=58\" target=\"_blank\"><mark style=\"background-color:rgba(0, 0, 0, 0)\" class=\"has-inline-color has-vivid-cyan-blue-color\">conversas p\u00fablicas<\/mark><\/a><\/strong>\u00a0com psicanalistas e, a partir de um conto meu, \u201cMimosa pudica\u201d,\u00a0<strong><a rel=\"noreferrer noopener\" href=\"https:\/\/periodicos2.uesb.br\/index.php\/folio\/article\/view\/3636\" target=\"_blank\"><mark style=\"background-color:rgba(0, 0, 0, 0)\" class=\"has-inline-color has-vivid-cyan-blue-color\">tema de estudo<\/mark><\/a><\/strong>\u00a0na Universidade de Caxias do Sul (RS) sob um vi\u00e9s psicanal\u00edtico, passei a frequentar formalmente grupos de discuss\u00e3o, primeiro de forma espor\u00e1dica, como na UsinaDizer, em Florian\u00f3polis, nos encontros de Cinema e psican\u00e1lise, de C\u00e9lio Pinheiro, em Curitiba, e no Tempo de morangos, de Josiane Orvatich, tamb\u00e9m em Curitiba. Depois, parti para forma\u00e7\u00f5es mais longas: alguns semestres na APC, Associa\u00e7\u00e3o Psicanal\u00edtica de Curitiba (onde tempos depois fiz uma\u00a0<strong><a rel=\"noreferrer noopener\" href=\"https:\/\/youtu.be\/wnm1wHKW0qM\" target=\"_blank\"><mark style=\"background-color:rgba(0, 0, 0, 0)\" class=\"has-inline-color has-vivid-cyan-blue-color\">palestra sobre Literatura e Psican\u00e1lise<\/mark><\/a><\/strong>), depois na BFC, Biblioteca Freudiana de Curitiba, onde mantenho participa\u00e7\u00e3o em cartel e grupo de estudos. Na PUCPR, fiz p\u00f3s-gradua\u00e7\u00e3o em Psicologia cl\u00ednica com abordagem psicanal\u00edtica e, logo em seguida, trabalhei dando aulas no m\u00f3dulo Literatura e Psican\u00e1lise, na mesma PUCPR, dentro do curso de p\u00f3s-gradua\u00e7\u00e3o em Teoria da Literatura. <\/p>\n\n\n\n<p class=\"has-small-font-size\">Na IRPA (Instituto di Ricerca di Psicoanalisi Applicata \u2013 Scuola di Specializzazione in Psicoterapia), em Mil\u00e3o\/It\u00e1lia, fiz a especializa\u00e7\u00e3o\u00a0<strong><a rel=\"noreferrer noopener\" href=\"https:\/\/www.jonasitalia.it\/eventi\/corso-di-specializzazione-sulla-clinica-dei-nuovi-sintomi\/\" target=\"_blank\"><em><mark style=\"background-color:rgba(0, 0, 0, 0)\" class=\"has-inline-color has-vivid-cyan-blue-color\">Sulla clinica\u00a0psicoanalitica dei nuovi\u00a0sintomi<\/mark><\/em><\/a><\/strong>, em parceria com o Centro di Clinica Psicoanalitica Jonas Onlus, cujo diretor \u00e9 o psicanalista Massimo Recalcati, de quem me tornei tradutor de duas obras:\u00a0<em><a rel=\"noreferrer noopener\" href=\"https:\/\/ayine.com.br\/catalogo\/o-complexo-de-telemaco\/\" target=\"_blank\"><mark style=\"background-color:rgba(0, 0, 0, 0)\" class=\"has-inline-color has-vivid-cyan-blue-color\"><strong>O complexo de Tel\u00eamaco<\/strong><\/mark><\/a><\/em>: pais, m\u00e3es e filhos ap\u00f3s o ocaso do pai e\u00a0<a rel=\"noreferrer noopener\" href=\"https:\/\/ayine.com.br\/catalogo\/pasolini-o-fantasma-da-origem\/\" target=\"_blank\"><strong><mark style=\"background-color:rgba(0, 0, 0, 0)\" class=\"has-inline-color has-vivid-cyan-blue-color\"><em>Pasolini<\/em>: o fantasma da origem<\/mark><\/strong><\/a>, ambos pela Editora \u00c2yin\u00e9.\u00a0Pela mesma editora, traduzi\u00a0<em>Arquip\u00e9lago N<\/em>: varia\u00e7\u00f5es sobre o narcisismo (ainda n\u00e3o publicado), do psiquiatra e psicanalista Vittorio Lingiardi, com quem\u00a0<strong><a rel=\"noreferrer noopener\" href=\"https:\/\/youtu.be\/PWk1LAXNJfQ\" target=\"_blank\"><mark style=\"background-color:rgba(0, 0, 0, 0)\" class=\"has-inline-color has-vivid-cyan-blue-color\">tive a felicidade de conversar<\/mark><\/a><\/strong>\u00a0sobre seu livro anterior,\u00a0<em>Diagn\u00f3stico e destino<\/em>. Ainda de Massimo Recalcati, traduzi 4 palestras que me marcaram bastante:\u00a0<strong><a rel=\"noreferrer noopener\" href=\"https:\/\/youtu.be\/UdGmQQT5nxA\" target=\"_blank\"><mark style=\"background-color:rgba(0, 0, 0, 0)\" class=\"has-inline-color has-vivid-cyan-blue-color\">O Pai<\/mark><\/a><\/strong>\u00a0|<mark style=\"background-color:rgba(0, 0, 0, 0)\" class=\"has-inline-color has-vivid-cyan-blue-color\">\u00a0<\/mark><strong><a rel=\"noreferrer noopener\" href=\"https:\/\/youtu.be\/H6r1tZWy2fw\" target=\"_blank\"><mark style=\"background-color:rgba(0, 0, 0, 0)\" class=\"has-inline-color has-vivid-cyan-blue-color\">O estrangeiro interior que pressiona as fronteiras<\/mark><\/a>\u00a0<\/strong>|<strong>\u00a0<a rel=\"noreferrer noopener\" href=\"https:\/\/youtu.be\/7JV3wdd_fm8\" target=\"_blank\"><mark style=\"background-color:rgba(0, 0, 0, 0)\" class=\"has-inline-color has-vivid-cyan-blue-color\">Elogio do fracasso<\/mark><\/a>\u00a0|\u00a0<a rel=\"noreferrer noopener\" href=\"https:\/\/youtu.be\/IwNigZL5GTY\" target=\"_blank\"><mark style=\"background-color:rgba(0, 0, 0, 0)\" class=\"has-inline-color has-vivid-cyan-blue-color\">M\u00e3es<\/mark><\/a><\/strong>. <\/p>\n\n\n\n<p class=\"has-small-font-size\">Fazendo an\u00e1lise pessoal j\u00e1 h\u00e1 alguns anos, fui seduzido (e at\u00e9 onde sei&nbsp;<em>seduzir<\/em>&nbsp;\u00e9 desviar-se do caminho pelo qual pretendem nos conduzir) pela ideia da cl\u00ednica, como psicanalista e como coordenador de um pequeno espa\u00e7o em que&nbsp;outros psicanalistas, e tamb\u00e9m psic\u00f3logos, poder\u00e3o exercer&nbsp;seu trabalho. Trata-se de dois consult\u00f3rios no Centro de Curitiba, na&nbsp;<strong><a rel=\"noreferrer noopener\" href=\"https:\/\/goo.gl\/maps\/goKdaUSdhTYKR5ZGA\" target=\"_blank\"><mark style=\"background-color:rgba(0, 0, 0, 0)\" class=\"has-inline-color has-vivid-cyan-blue-color\">Rua Riachuelo, 102<\/mark><\/a><\/strong>, Galeria Heisler, 11\u00ba. andar, sala 112, em frente ao Pa\u00e7o Municipal.<\/p>\n\n\n\n<p class=\"has-small-font-size\">Se voc\u00ea \u00e9 dado a curiosidades e gosta de bastidores, pode acompanhar&nbsp;<strong><a rel=\"noreferrer noopener\" href=\"https:\/\/photos.app.goo.gl\/3eMACQjB2kxiMyz47\" target=\"_blank\"><mark style=\"background-color:rgba(0, 0, 0, 0)\" class=\"has-inline-color has-vivid-cyan-blue-color\">neste link<\/mark><\/a><\/strong>&nbsp;fotos e v\u00eddeos do processo de organiza\u00e7\u00e3o do espa\u00e7o dos consult\u00f3rios.<\/p>\n\n\n\n<p class=\"has-small-font-size\">Se voc\u00ea \u00e9 psicanalista e\/ou psic\u00f3logo em est\u00e1 procurando alugar um consult\u00f3rio, <a rel=\"noreferrer noopener\" href=\"https:\/\/cezartridapalli.com.br\/?page_id=2292\" target=\"_blank\"><strong><mark style=\"background-color:rgba(0, 0, 0, 0)\" class=\"has-inline-color has-vivid-cyan-blue-color\">clique aqui<\/mark><\/strong><\/a> para conhecer os espa\u00e7os da Galeria Heisler.<\/p>\n\n\n\n<p class=\"has-small-font-size\">Se voc\u00ea gostaria de atendimento psicanal\u00edtico, <a rel=\"noreferrer noopener\" href=\"https:\/\/cezartridapalli.com.br\/?page_id=2596\" target=\"_blank\"><mark style=\"background-color:rgba(0, 0, 0, 0)\" class=\"has-inline-color has-vivid-cyan-blue-color\"><strong>clique aqui<\/strong><\/mark><\/a>.<\/p>\n","protected":false},"excerpt":{"rendered":"<p>Estudo psican\u00e1lise \u2013 sabendo que a estou estudando \u2013 desde 2018. Digo \u201csabendo que a estou estudando\u201d porque muito cedo [&hellip;]<\/p>\n","protected":false},"author":1,"featured_media":0,"parent":0,"menu_order":0,"comment_status":"open","ping_status":"closed","template":"","meta":{"_monsterinsights_skip_tracking":false,"_monsterinsights_sitenote_active":false,"_monsterinsights_sitenote_note":"","_monsterinsights_sitenote_category":0},"_links":{"self":[{"href":"https:\/\/cezartridapalli.com.br\/index.php?rest_route=\/wp\/v2\/pages\/2579"}],"collection":[{"href":"https:\/\/cezartridapalli.com.br\/index.php?rest_route=\/wp\/v2\/pages"}],"about":[{"href":"https:\/\/cezartridapalli.com.br\/index.php?rest_route=\/wp\/v2\/types\/page"}],"author":[{"embeddable":true,"href":"https:\/\/cezartridapalli.com.br\/index.php?rest_route=\/wp\/v2\/users\/1"}],"replies":[{"embeddable":true,"href":"https:\/\/cezartridapalli.com.br\/index.php?rest_route=%2Fwp%2Fv2%2Fcomments&post=2579"}],"version-history":[{"count":5,"href":"https:\/\/cezartridapalli.com.br\/index.php?rest_route=\/wp\/v2\/pages\/2579\/revisions"}],"predecessor-version":[{"id":2750,"href":"https:\/\/cezartridapalli.com.br\/index.php?rest_route=\/wp\/v2\/pages\/2579\/revisions\/2750"}],"wp:attachment":[{"href":"https:\/\/cezartridapalli.com.br\/index.php?rest_route=%2Fwp%2Fv2%2Fmedia&parent=2579"}],"curies":[{"name":"wp","href":"https:\/\/api.w.org\/{rel}","templated":true}]}}