{"id":2596,"date":"2023-02-19T01:56:16","date_gmt":"2023-02-19T01:56:16","guid":{"rendered":"https:\/\/cezartridapalli.com.br\/?page_id=2596"},"modified":"2023-02-24T17:55:42","modified_gmt":"2023-02-24T17:55:42","slug":"analise-pessoal","status":"publish","type":"page","link":"https:\/\/cezartridapalli.com.br\/?page_id=2596","title":{"rendered":"Atendimento"},"content":{"rendered":"\n<figure class=\"wp-block-image size-large is-resized\"><a href=\"https:\/\/cezartridapalli.com.br\/wp-content\/uploads\/2023\/01\/20221019_162415-min.jpg\"><img decoding=\"async\" loading=\"lazy\" src=\"https:\/\/cezartridapalli.com.br\/wp-content\/uploads\/2023\/01\/20221019_162415-min-1024x461.jpg\" alt=\"\" class=\"wp-image-2323\" width=\"839\" height=\"378\" srcset=\"https:\/\/cezartridapalli.com.br\/wp-content\/uploads\/2023\/01\/20221019_162415-min-1024x461.jpg 1024w, https:\/\/cezartridapalli.com.br\/wp-content\/uploads\/2023\/01\/20221019_162415-min-300x135.jpg 300w, https:\/\/cezartridapalli.com.br\/wp-content\/uploads\/2023\/01\/20221019_162415-min-768x346.jpg 768w, https:\/\/cezartridapalli.com.br\/wp-content\/uploads\/2023\/01\/20221019_162415-min-304x137.jpg 304w, https:\/\/cezartridapalli.com.br\/wp-content\/uploads\/2023\/01\/20221019_162415-min-296x133.jpg 296w\" sizes=\"(max-width: 839px) 100vw, 839px\" \/><\/a><\/figure>\n\n\n\n<p>\u00c9 f\u00e1cil entender que h\u00e1 coisas que sabemos que sabemos. Igualmente f\u00e1cil \u00e9 saber que h\u00e1 coisas que sabemos que n\u00e3o sabemos. At\u00e9 conseguimos intuir a ideia de que h\u00e1 coisas que n\u00e3o sabemos que n\u00e3o sabemos. A psican\u00e1lise, no entanto, investiga aquilo que n\u00e3o sabemos que sabemos e que nos aparecem como &#8220;estranhos familiares&#8221;, que podem surgir como sintomas no corpo, compuls\u00f5es, um modo espec\u00edfico de raciocinar, uma forma de tomar ou n\u00e3o decis\u00f5es etc., e que provocam algum tipo de sofrimento ps\u00edquico.<\/p>\n\n\n\n<p>A psican\u00e1lise funda-se sobre uma \u00e9tica, que, sim, relaciona-se \u00e0 confidencialidade, mas diz respeito sobretudo \u00e0 busca pelo bem dizer, que \u00e9, em \u00faltima inst\u00e2ncia, a dire\u00e7\u00e3o do desejo.<\/p>\n\n\n\n<p>Os primeiros encontros em geral consistem em entrevistas preliminares, a fim de que o\/a analisando\/a fale sobre o que provocou sua busca, as dificuldades, os conflitos, sintomas de seu sofrimento. Cabe ao analista compreender as demandas da an\u00e1lise, avaliar a fun\u00e7\u00e3o transferencial e propor a continuidade ou n\u00e3o das sess\u00f5es. Caso ambos decidam pelo prosseguimento, a livre associa\u00e7\u00e3o ser\u00e1 condi\u00e7\u00e3o fundamental para que o sujeito do inconsciente emerja e ganhe corpo um conhecimento at\u00e9 ent\u00e3o n\u00e3o sabido.<\/p>\n\n\n\n<blockquote class=\"wp-block-quote\">\n<p><\/p>\n<cite><strong>Lacan, seguindo a trilha de Freud, mostra que o tempo do desejo \u00e9 <em>sempre<\/em> um tempo que implica o risco de se perder, de se diluir, de se desadaptar em rela\u00e7\u00e3o a uma administra\u00e7\u00e3o regular, conformista, ordin\u00e1ria, da pr\u00f3pria vida. &#8211; Massimo Recalcati<\/strong><\/cite><\/blockquote>\n\n\n\n<blockquote class=\"wp-block-quote\">\n<p><\/p>\n<cite><strong>\u00c9 preciso sim revisitar a cena traum\u00e1tica, seja ela qual for, revisitar os lugares e as origens, mas para poder ir alhures, do lado do desejo que \u00e9 sempre abertura para o futuro, para o projeto. &#8211; Radmila Zygouris<\/strong><\/cite><\/blockquote>\n\n\n\n<p class=\"has-text-align-right\"><\/p>\n\n\n\n<h3><strong>Voc\u00ea acha que \u00e9 o momento? Marque uma conversa<\/strong>:<\/h3>\n\n\n\n<h2><a rel=\"noreferrer noopener\" href=\"mailto:cezartri@gmail.com\" target=\"_blank\"><mark style=\"background-color:rgba(0, 0, 0, 0)\" class=\"has-inline-color has-vivid-cyan-blue-color\">E-mail<\/mark><\/a><\/h2>\n\n\n\n<h2><a href=\"https:\/\/api.whatsapp.com\/send?phone=5541992449778&amp;text=Ol%C3%A1,%20eu%20gostaria%20de%20obter%20mais%20informa%C3%A7%C3%B5es%20a%20respeito%20de:%0A%0Aa)-%20loca%C3%A7%C3%A3o%20de%20consult%C3%B3rios%20%7C%20b)-%20an%C3%A1lise%20pessoal\"><mark style=\"background-color:rgba(0, 0, 0, 0)\" class=\"has-inline-color has-vivid-cyan-blue-color\">Whatsapp<\/mark><\/a><\/h2>\n\n\n\n<h2>Rua Riachuelo, 102 |&nbsp;11\u00ba. andar | sala 112 | Centro | Curitiba<\/h2>\n","protected":false},"excerpt":{"rendered":"<p>\u00c9 f\u00e1cil entender que h\u00e1 coisas que sabemos que sabemos. Igualmente f\u00e1cil \u00e9 saber que h\u00e1 coisas que sabemos que [&hellip;]<\/p>\n","protected":false},"author":1,"featured_media":0,"parent":0,"menu_order":0,"comment_status":"closed","ping_status":"closed","template":"","meta":{"_monsterinsights_skip_tracking":false,"_monsterinsights_sitenote_active":false,"_monsterinsights_sitenote_note":"","_monsterinsights_sitenote_category":0},"_links":{"self":[{"href":"https:\/\/cezartridapalli.com.br\/index.php?rest_route=\/wp\/v2\/pages\/2596"}],"collection":[{"href":"https:\/\/cezartridapalli.com.br\/index.php?rest_route=\/wp\/v2\/pages"}],"about":[{"href":"https:\/\/cezartridapalli.com.br\/index.php?rest_route=\/wp\/v2\/types\/page"}],"author":[{"embeddable":true,"href":"https:\/\/cezartridapalli.com.br\/index.php?rest_route=\/wp\/v2\/users\/1"}],"replies":[{"embeddable":true,"href":"https:\/\/cezartridapalli.com.br\/index.php?rest_route=%2Fwp%2Fv2%2Fcomments&post=2596"}],"version-history":[{"count":14,"href":"https:\/\/cezartridapalli.com.br\/index.php?rest_route=\/wp\/v2\/pages\/2596\/revisions"}],"predecessor-version":[{"id":2754,"href":"https:\/\/cezartridapalli.com.br\/index.php?rest_route=\/wp\/v2\/pages\/2596\/revisions\/2754"}],"wp:attachment":[{"href":"https:\/\/cezartridapalli.com.br\/index.php?rest_route=%2Fwp%2Fv2%2Fmedia&parent=2596"}],"curies":[{"name":"wp","href":"https:\/\/api.w.org\/{rel}","templated":true}]}}