{"id":44,"date":"2011-04-09T16:18:20","date_gmt":"2011-04-09T16:18:20","guid":{"rendered":"http:\/\/pequenabiografiadedesejos.com.br\/?page_id=44"},"modified":"2021-02-12T22:29:12","modified_gmt":"2021-02-12T22:29:12","slug":"o-livro","status":"publish","type":"page","link":"https:\/\/cezartridapalli.com.br\/?page_id=44","title":{"rendered":"Pequena biografia de desejos"},"content":{"rendered":"<div class=\"figure aligncenter\" style=\"width:1000px;\"><a href=\"http:\/\/pequenabiografiadedesejos.com.br\/?attachment_id=402\" rel=\"attachment wp-att-402\"><img decoding=\"async\" loading=\"lazy\" title=\"\u00a9 Paula Kozlowski. Todos os direitos reservados \/ All rights reserved\" src=\"https:\/\/cezartridapalli.com.br\/wp-content\/uploads\/2011\/04\/DSC080202.jpg\" alt=\"\u00a9 Paula Kozlowski. Todos os direitos reservados \/ All rights reserved\" width=\"1000\" height=\"669\" \/><\/a><div>\u00a9 Paula Kozlowski. Todos os direitos reservados \/ All rights reserved<\/div><\/div>\n<h2 style=\"text-align: justify;\"><strong><em>Pequena biografia de desejos<\/em><\/strong><\/h2>\n<p><span style=\"color: #ffffff;\">.<\/span><\/p>\n<p style=\"text-align: justify;\">Desejar, <em>desiderare<\/em>. De quantas formas podemos manifestar o desejo? Conv\u00e9m, \u00e0s vezes, reprimi-lo?<\/p>\n<p style=\"text-align: justify;\">O romance\u00a0<em>Pequena biografia de desejos<\/em> trata do desejo humano na figura de um inusitado protagonista: Desid\u00e9rio Santos dos Santos, porteiro de um edif\u00edcio que, desde a juventude, tem veleidades liter\u00e1rias e vive sua vida cindida entre a banalidade cotidiana e os desejos internos que empurram os seus dias para frente e o fazem sonhar.<\/p>\n<p style=\"text-align: justify;\">A trajet\u00f3ria do personagem surge para o leitor de maneira n\u00e3o linear e vai sendo entrecortada pela presen\u00e7a de outros personagens que, ao mesmo tempo em que t\u00eam suas hist\u00f3rias pr\u00f3prias de vida, exercem de maneira involunt\u00e1ria influ\u00eancias decisivas na vida do porteiro. Santiago Bettencourt, de quem o protagonista herda involuntariamente uma biblioteca, Adele Giordano, a desvairada bebedora de vinhos, o tio Cev\u00edcio, militar obcecado, Mac\u00e1ria, esposa inerte, s\u00e3o alguns dos personagens que gravitam em torno de Desid\u00e9rio e que lhe acentuam o contraste entre o real e o ideal.<\/p>\n<p style=\"text-align: justify;\">Nessa teia entre personagens e acontecimentos, o romance se desenvolve procurando borrar os limites entre o tr\u00e1gico e o c\u00f4mico das diversas situa\u00e7\u00f5es e, em \u00faltima inst\u00e2ncia, da vida inteira dos personagens, sobretudo do protagonista, um discreto apaixonado pela vida e movido pelo desejo de um porvir cheio de \u201crealiza\u00e7\u00f5es idealizadas\u201d.<\/p>\n<p style=\"text-align: justify;\"><em>Pequena biografia de desejos<\/em> coloca em quest\u00e3o \u2013 e de um jeito todo peculiar \u2013 as discuss\u00f5es mais caras \u00e0 humanidade, como o amor, a vida, a morte e todos os seus tantos derivados, como a morte em vida, os projetos adiados (para sempre? para nunca?), as m\u00e1scaras atr\u00e1s das quais os personagens se escondem, entre outros tantos temas que podem ser despertados no leitor.<\/p>\n<p style=\"text-align: justify;\">Fonte: <a href=\"http:\/\/oestadodoparana.com.br\/almanaque\/noticias\/10561\/\" target=\"_blank\" rel=\"noopener noreferrer\">O Estado do Paran\u00e1<\/a>.<\/p>\n<p style=\"text-align: justify;\">\n<p style=\"text-align: justify;\">Booktrailer:<\/p>\n<p style=\"text-align: justify;\">\n<figure class=\"video_frame\"><iframe loading=\"lazy\" src=\"https:\/\/player.vimeo.com\/video\/55334930?app_id=122963\" width=\"500\" height=\"281\" frameborder=\"0\" allow=\"autoplay; fullscreen; picture-in-picture\" allowfullscreen title=\"Pequena Biografia de Desejos\"><\/iframe><\/figure>\n","protected":false},"excerpt":{"rendered":"<p>Pequena biografia de desejos . Desejar, desiderare. De quantas formas podemos manifestar o desejo? Conv\u00e9m, \u00e0s vezes, reprimi-lo? O romance\u00a0Pequena [&hellip;]<\/p>\n","protected":false},"author":1,"featured_media":0,"parent":0,"menu_order":2,"comment_status":"open","ping_status":"closed","template":"","meta":{"_monsterinsights_skip_tracking":false,"_monsterinsights_sitenote_active":false,"_monsterinsights_sitenote_note":"","_monsterinsights_sitenote_category":0},"_links":{"self":[{"href":"https:\/\/cezartridapalli.com.br\/index.php?rest_route=\/wp\/v2\/pages\/44"}],"collection":[{"href":"https:\/\/cezartridapalli.com.br\/index.php?rest_route=\/wp\/v2\/pages"}],"about":[{"href":"https:\/\/cezartridapalli.com.br\/index.php?rest_route=\/wp\/v2\/types\/page"}],"author":[{"embeddable":true,"href":"https:\/\/cezartridapalli.com.br\/index.php?rest_route=\/wp\/v2\/users\/1"}],"replies":[{"embeddable":true,"href":"https:\/\/cezartridapalli.com.br\/index.php?rest_route=%2Fwp%2Fv2%2Fcomments&post=44"}],"version-history":[{"count":15,"href":"https:\/\/cezartridapalli.com.br\/index.php?rest_route=\/wp\/v2\/pages\/44\/revisions"}],"predecessor-version":[{"id":2179,"href":"https:\/\/cezartridapalli.com.br\/index.php?rest_route=\/wp\/v2\/pages\/44\/revisions\/2179"}],"wp:attachment":[{"href":"https:\/\/cezartridapalli.com.br\/index.php?rest_route=%2Fwp%2Fv2%2Fmedia&parent=44"}],"curies":[{"name":"wp","href":"https:\/\/api.w.org\/{rel}","templated":true}]}}