{"id":46,"date":"2011-04-09T16:19:22","date_gmt":"2011-04-09T16:19:22","guid":{"rendered":"http:\/\/pequenabiografiadedesejos.com.br\/?page_id=46"},"modified":"2021-04-06T20:26:04","modified_gmt":"2021-04-06T20:26:04","slug":"onde-comprar","status":"publish","type":"page","link":"https:\/\/cezartridapalli.com.br\/?page_id=46","title":{"rendered":"Nas livrarias"},"content":{"rendered":"<p><span style=\"color: #ffffff;\">&gt;<a href=\"https:\/\/cezartridapalli.com.br\/?attachment_id=2199\" rel=\"attachment wp-att-2199\"><img decoding=\"async\" loading=\"lazy\" class=\"aligncenter\" src=\"https:\/\/cezartridapalli.com.br\/wp-content\/uploads\/2011\/04\/IMG_20210309_100629895_2-min.jpg\" width=\"944\" height=\"529\" \/><\/a><\/span><\/p>\n<p>Algumas livrarias nas quais voc\u00ea pode encontrar os livros (clique no nome para saber mais):<\/p>\n<p>&nbsp;<\/p>\n<p><span style=\"color: #993300;\"><strong><em>&gt;\u00a0Vertigem do ch\u00e3o<\/em><\/strong><\/span><\/p>\n<p><span style=\"color: #0000ff;\"><strong>&#8211; <a style=\"color: #0000ff;\" href=\"https:\/\/editoramoinhos.com.br\/loja\/vertigem-do-chao\/?fbclid=IwAR3Bbmqo8JCQrV3Sr7u1hSKDNOl_O7DJTPAYE8Nh3Q8LkfoWx4fQgt6je8E\">Editora Moinhos<\/a><\/strong><\/span><\/p>\n<p><span style=\"color: #0000ff;\"><strong>&#8211; <a style=\"color: #0000ff;\" href=\"https:\/\/www.amazon.com.br\/Vertigem-do-ch%C3%A3o-Cezar-Tridapalli\/dp\/655026037X\/ref=sr_1_1?__mk_pt_BR=%C3%85M%C3%85%C5%BD%C3%95%C3%91&amp;dchild=1&amp;keywords=Vertigem+do+ch%C3%A3o&amp;qid=1617739889&amp;sr=8-1\">Amazon<\/a><\/strong><\/span><\/p>\n<p><span style=\"color: #0000ff;\"><strong>&#8211; <a style=\"color: #0000ff;\" href=\"https:\/\/www.americanas.com.br\/produto\/2151902458?loja=31394722000100&amp;epar=bp_pl_00_go_todos-os-produtos_geral_gmv&amp;WT.srch=1&amp;opn=YSMESP&amp;acc=e789ea56094489dffd798f86ff51c7a9&amp;i=5f603c7b49f937f62551f3c5&amp;o=5f7ec2b4f8e95eac3d308fc3&amp;gclid=CjwKCAjwjbCDBhAwEiwAiudBy3zstkDWksS90NZOPuL8jUM7GO56ZrJxNZWu34DG9uwngku2Drj4RBoCeykQAvD_BwE\">Americanas<\/a><\/strong><\/span><\/p>\n<p><span style=\"color: #0000ff;\"><strong>&#8211; <a style=\"color: #0000ff;\" href=\"https:\/\/www.submarino.com.br\/produto\/1648210377\/vertigem-do-chao?opn=XMLGOOGLE&amp;sellerid=13480185000120\">Submarino<\/a><\/strong><\/span><\/p>\n<p><span style=\"color: #0000ff;\"><strong>&#8211; <a style=\"color: #0000ff;\" href=\"https:\/\/www.travessa.com.br\/Busca.aspx?d=1&amp;bt=Vertigem%20do%20ch%C3%A3o&amp;cta=00&amp;codtipoartigoexplosao=1\">Livraria da Travessa<\/a><\/strong><\/span><\/p>\n<p><span style=\"color: #0000ff;\"><strong>&#8211; <a style=\"color: #0000ff;\" href=\"https:\/\/www.magazineluiza.com.br\/livro-vertigem-do-chao\/p\/edfg8328ac\/li\/llit\/?&amp;seller_id=livrariamartinsfontespaulista&amp;&amp;utm_source=google&amp;utm_medium=pla&amp;utm_campaign=&amp;partner_id=58963&amp;gclid=CjwKCAjwjbCDBhAwEiwAiudByziUxQJAa7OHhn5USwzy1LrAWUV2R7nuEAtZHDzUtaxN5PgqqgBdSxoCBI8QAvD_BwE\">Magazine Luiza<\/a><\/strong><\/span><\/p>\n<p><span style=\"color: #0000ff;\"><strong>&#8211; <a style=\"color: #0000ff;\" href=\"https:\/\/www.shoptime.com.br\/produto\/2541208787\/livro-vertigem-do-chao?opn=GOOGLEXML\">Shoptime<\/a><\/strong><\/span><\/p>\n<p><span style=\"color: #0000ff;\"><strong>&#8211; <a style=\"color: #0000ff;\" href=\"https:\/\/www.martinsfontespaulista.com.br\/buscar?q=Vertigem%20do%20ch%C3%A3o\">Martins Fontes Paulista<\/a><\/strong><\/span><\/p>\n<p><span style=\"color: #0000ff;\"><strong>&#8211; <a style=\"color: #0000ff;\" href=\"https:\/\/www.carrefour.com.br\/vertigem-do-chao-mp24389448\/p\">Carrefour<\/a><\/strong><\/span><\/p>\n<p><span style=\"color: #0000ff;\"><strong>&#8211; <a style=\"color: #0000ff;\" href=\"https:\/\/www.casasbahia.com.br\/vertigem-do-chao-1502787329\/p\/1502787329?utm_medium=Cpc&amp;utm_source=google_freelisting&amp;IdSku=1502787329&amp;idLojista=31863\">Casas Bahia<\/a><\/strong><\/span><\/p>\n<p><span style=\"color: #0000ff;\"><strong>&#8211; <a style=\"color: #0000ff;\" href=\"https:\/\/www.pontofrio.com.br\/vertigem-do-chao-1502787329\/p\/1502787329?utm_medium=cpc&amp;utm_source=google_freelisting&amp;IdSku=1502787329&amp;idLojista=31863\">Ponto Frio<\/a><\/strong><\/span><\/p>\n<p>&nbsp;<\/p>\n<p><span style=\"color: #800000;\"><strong><em>&gt; O beijo de Schiller<\/em><\/strong><\/span><\/p>\n<p><span style=\"color: #0000ff;\"><strong>&#8211;\u00a0<a style=\"color: #0000ff;\" href=\"http:\/\/arteeletra.webstorelw.com.br\/products\/o-beijo-de-schiller\" target=\"_blank\" rel=\"noopener noreferrer\">Livraria Arte &amp; Letra<\/a><\/strong><\/span><\/p>\n<p><span style=\"color: #0000ff;\"><strong>&#8211;\u00a0<a style=\"color: #0000ff;\" href=\"http:\/\/pesquisa.livrariacultura.com.br\/busca.php?q=Cezar+Tridapalli\" target=\"_blank\" rel=\"noopener noreferrer\">Livraria Cultura<\/a><\/strong><\/span><\/p>\n<p><span style=\"color: #0000ff;\"><strong>&#8211; <a style=\"color: #0000ff;\" href=\"http:\/\/www.livrariadavila.com.br\/Home\/default.aspx\" target=\"_blank\" rel=\"noopener noreferrer\">Livraria da Vila<\/a><\/strong><\/span><\/p>\n<p><span style=\"color: #0000ff;\"><strong>&#8211; <a style=\"color: #0000ff;\" href=\"http:\/\/livraria.folha.com.br\/busca?q=Cezar+Tridapalli&amp;product_type=&amp;type_search=Buscar\" target=\"_blank\" rel=\"noopener noreferrer\">Livraria da Folha<\/a><\/strong><\/span><\/p>\n<p><span style=\"color: #0000ff;\">&#8211; <a style=\"color: #0000ff;\" href=\"http:\/\/www.americanas.com.br\/produto\/8082173\/o-beijo-de-schiller\" target=\"_blank\" rel=\"noopener noreferrer\"><strong>Americanas.com<\/strong><\/a><\/span><\/p>\n<p><span style=\"color: #0000ff;\">&#8211; <a style=\"color: #0000ff;\" href=\"http:\/\/www.shoptime.com.br\/produto\/8082173\/o-beijo-de-schiller\" target=\"_blank\" rel=\"noopener noreferrer\"><strong>Shoptime<\/strong><\/a><\/span><\/p>\n<p><span style=\"color: #0000ff;\">&#8211;\u00a0<a style=\"color: #0000ff;\" href=\"http:\/\/palavraria.wordpress.com\/\" target=\"_blank\" rel=\"noopener noreferrer\"><strong>Palavraria<\/strong><\/a><\/span><\/p>\n<p><span style=\"color: #0000ff;\"><strong>&#8211;\u00a0<a style=\"color: #0000ff;\" href=\"http:\/\/www.travessa.com.br\/Busca.aspx?d=1&amp;bt=Tridapalli&amp;br=00&amp;cta=00\" target=\"_blank\" rel=\"noopener noreferrer\">Livraria da Travessa<\/a><\/strong><\/span><\/p>\n<p><span style=\"color: #0000ff;\"><strong>&#8211;\u00a0<a style=\"color: #0000ff;\" href=\"http:\/\/www.martinsfontespaulista.com.br\/busca\/3\/0\/0\/MaisVendidos\/Decrescente\/20\/1\/\/\/\/tridapalli.aspx\" target=\"_blank\" rel=\"noopener noreferrer\">Martins Fontes<\/a><\/strong><\/span><\/p>\n<p><span style=\"color: #0000ff;\"><a style=\"color: #0000ff;\" href=\"http:\/\/www.amazon.com.br\/s\/ref=nb_sb_noss?__mk_pt_BR=\u00c5M\u00c5\u017d\u00d5\u00d1&amp;url=search-alias%3Dstripbooks&amp;field-keywords=Tridapalli\" target=\"_blank\" rel=\"noopener noreferrer\"><strong>&#8211; Amazon<\/strong><\/a><\/span><\/p>\n<p>&nbsp;<\/p>\n<p><span style=\"color: #800000;\"><strong><em>&gt; Pequena biografia de desejos<\/em><\/strong><\/span><\/p>\n<p><span style=\"color: #0000ff;\"><strong>&#8211;\u00a0<a style=\"color: #0000ff;\" href=\"http:\/\/loja.arteeletra.com.br\" target=\"_blank\" rel=\"noopener noreferrer\">Livraria Arte &amp; Letra<\/a><\/strong><\/span><\/p>\n<p><span style=\"color: #0000ff;\"><strong>&#8211;\u00a0<a style=\"color: #0000ff;\" href=\"http:\/\/pesquisa.livrariacultura.com.br\/busca.php?q=Cezar+Tridapalli\" target=\"_blank\" rel=\"noopener noreferrer\">Livraria Cultura<\/a><\/strong><\/span><\/p>\n<p><span style=\"color: #0000ff;\"><strong>&#8211;\u00a0<a style=\"color: #0000ff;\" href=\"http:\/\/www.travessa.com.br\/Busca.aspx?d=1&amp;bt=Tridapalli&amp;br=00&amp;cta=00\" target=\"_blank\" rel=\"noopener noreferrer\">Livraria da Travessa<\/a><\/strong><\/span><\/p>\n<p><span style=\"color: #0000ff;\"><strong>&#8211;\u00a0<a style=\"color: #0000ff;\" href=\"http:\/\/www.martinsfontespaulista.com.br\/busca\/3\/0\/0\/MaisVendidos\/Decrescente\/20\/1\/\/\/\/tridapalli.aspx\" target=\"_blank\" rel=\"noopener noreferrer\">Martins Fontes<\/a><\/strong><\/span><\/p>\n<p><span style=\"color: #0000ff;\"><strong>&#8211;\u00a0<a style=\"color: #0000ff;\" href=\"http:\/\/www.7letras.com.br\/pequena-biografia-de-desejos.html\" target=\"_blank\" rel=\"noopener noreferrer\">Editora 7 Letras<\/a><\/strong><\/span><\/p>\n<p><span style=\"color: #0000ff;\"><strong>&#8211; <a style=\"color: #0000ff;\" href=\"http:\/\/www.livrariascuritiba.com.br\/pequenabiografiadedesejos7letras,product,LV283906,3395.aspx\" target=\"_blank\" rel=\"noopener noreferrer\">Livrarias Curitiba<\/a><\/strong><\/span><\/p>\n<p><span style=\"color: #0000ff;\"><strong>&#8211; <a style=\"color: #0000ff;\" href=\"http:\/\/joaquimlivraria.wordpress.com\/\" target=\"_blank\" rel=\"noopener noreferrer\">Joaquim Livraria &amp; Sebo<\/a><\/strong><\/span><\/p>\n<p><span style=\"color: #0000ff;\"><strong>&#8211; <a style=\"color: #0000ff;\" href=\"http:\/\/www.estantevirtual.com.br\/q\/pequena-biografia-de-desejos\" target=\"_blank\" rel=\"noopener noreferrer\">Estante Virtual<\/a><\/strong><\/span><\/p>\n<p><span style=\"color: #0000ff;\"><strong>&#8211; <a style=\"color: #0000ff;\" href=\"http:\/\/br.kekanto.com\/biz\/livraria-do-chain\" target=\"_blank\" rel=\"noopener noreferrer\">Livraria do Chain<\/a><\/strong><\/span><\/p>\n<p><span style=\"color: #0000ff;\"><strong>&#8211; <a style=\"color: #0000ff;\" href=\"http:\/\/www.arlequim.com.br\/detalhe.php?produto=1405199\" target=\"_blank\" rel=\"noopener noreferrer\">Arlequim<\/a><\/strong><\/span><\/p>\n<p><span style=\"color: #0000ff;\">&#8211;\u00a0<strong><a style=\"color: #0000ff;\" href=\"http:\/\/www.amazon.com.br\/s\/ref=nb_sb_noss?__mk_pt_BR=\u00c5M\u00c5\u017d\u00d5\u00d1&amp;url=search-alias%3Dstripbooks&amp;field-keywords=Tridapalli\" target=\"_blank\" rel=\"noopener noreferrer\">Amazon<\/a><\/strong><\/span><\/p>\n<p>&nbsp;<\/p>\n","protected":false},"excerpt":{"rendered":"<p>&gt; Algumas livrarias nas quais voc\u00ea pode encontrar os livros (clique no nome para saber mais): &nbsp; &gt;\u00a0Vertigem do ch\u00e3o [&hellip;]<\/p>\n","protected":false},"author":1,"featured_media":0,"parent":0,"menu_order":4,"comment_status":"open","ping_status":"closed","template":"","meta":{"_monsterinsights_skip_tracking":false,"_monsterinsights_sitenote_active":false,"_monsterinsights_sitenote_note":"","_monsterinsights_sitenote_category":0},"_links":{"self":[{"href":"https:\/\/cezartridapalli.com.br\/index.php?rest_route=\/wp\/v2\/pages\/46"}],"collection":[{"href":"https:\/\/cezartridapalli.com.br\/index.php?rest_route=\/wp\/v2\/pages"}],"about":[{"href":"https:\/\/cezartridapalli.com.br\/index.php?rest_route=\/wp\/v2\/types\/page"}],"author":[{"embeddable":true,"href":"https:\/\/cezartridapalli.com.br\/index.php?rest_route=\/wp\/v2\/users\/1"}],"replies":[{"embeddable":true,"href":"https:\/\/cezartridapalli.com.br\/index.php?rest_route=%2Fwp%2Fv2%2Fcomments&post=46"}],"version-history":[{"count":39,"href":"https:\/\/cezartridapalli.com.br\/index.php?rest_route=\/wp\/v2\/pages\/46\/revisions"}],"predecessor-version":[{"id":2205,"href":"https:\/\/cezartridapalli.com.br\/index.php?rest_route=\/wp\/v2\/pages\/46\/revisions\/2205"}],"wp:attachment":[{"href":"https:\/\/cezartridapalli.com.br\/index.php?rest_route=%2Fwp%2Fv2%2Fmedia&parent=46"}],"curies":[{"name":"wp","href":"https:\/\/api.w.org\/{rel}","templated":true}]}}