{"id":53,"date":"2011-04-09T16:23:11","date_gmt":"2011-04-09T16:23:11","guid":{"rendered":"http:\/\/pequenabiografiadedesejos.com.br\/?page_id=53"},"modified":"2023-02-14T23:27:12","modified_gmt":"2023-02-14T23:27:12","slug":"o-autor","status":"publish","type":"page","link":"https:\/\/cezartridapalli.com.br\/?page_id=53","title":{"rendered":"O autor"},"content":{"rendered":"<div class=\"figure aligncenter\" style=\"width:851px;\"><a href=\"https:\/\/cezartridapalli.com.br\/?attachment_id=2043\" target=\"_blank\" rel=\"attachment wp-att-2043 noopener noreferrer\"><img decoding=\"async\" loading=\"lazy\" class=\"Foto: \u00c1gata Schmitt\" title=\"Foto: \u00c1gata Schmitt\" src=\"https:\/\/cezartridapalli.com.br\/wp-content\/uploads\/2011\/04\/45677de5-165c-48da-b3aa-94f1cefb66ae.jpg\" alt=\"Foto: \u00c1gata Schmitt\" width=\"851\" height=\"1280\" \/><\/a><div>Foto: \u00c1gata Schmitt<\/div><\/div>\n<p>Meu nome \u00e9 Cezar Tridapalli e nasci\u00a0em 1974, num bairro discreto \u2013 Vila Hauer \u2013 de uma discreta capital brasileira, Curitiba.<\/p>\n<p>Nasci em meio a uma ditadura da qual pouco lembro, mesmo sendo filho de militar.<\/p>\n<p>Estudei quase sempre em institui\u00e7\u00f5es p\u00fablicas, do ensino b\u00e1sico \u00e0 universidade.<\/p>\n<p>Ao contr\u00e1rio de grande parte dos escritores, que s\u00e3o ruins de bola e compensavam suas inabilidades motoras da inf\u00e2ncia lendo grandes livros, eu jogava bem e, tamb\u00e9m por isso, tornei-me um leitor tardio. Enquanto alguns leram Kafka com 8 anos, nessa idade eu s\u00f3 conhecia <i>O cachorrinho Samba na floresta<\/i>, da Maria Jos\u00e9 Dupr\u00e9.<\/p>\n<p>Como boa fatia dos adolescentes, minha entrada na literatura se deu pela porta da poesia, e da poesia presente nas melhores letras da M\u00fasica Popular Brasileira. Arrisquei meus poemas (\u201cPassando por becos e avenidas \/ entre megeras e queridas \/ nos ficam sensa\u00e7\u00f5es \/ de que s\u00e3o \u00f3dios e paix\u00f5es \/ que movem nossas vidas\u201d foi o primeiro dos parcos e pobres poemas que escrevi. Nesse a\u00ed eu tinha uns 14 anos).<\/p>\n<p>Dois outros fatores desencadearam meu interesse pela literatura. Curiosamente, os dois s\u00e3o jeitos pouco prov\u00e1veis de aproximar jovens dos livros: leitura obrigat\u00f3ria na escola e um livro did\u00e1tico. Ter estudado a Semana de Arte Moderna foi importante para que, momentos antes da inscri\u00e7\u00e3o no vestibular de Direito, eu enviesasse para Letras. Foi em Letras que me formei, pela Universidade Federal do Paran\u00e1, pouco depois de ter conclu\u00eddo o Curso de Forma\u00e7\u00e3o de Oficiais do Corpo de Bombeiros. Formei-me oficial, mas logo sa\u00ed.<\/p>\n<p>As aulas de Teoria da Literatura com o professor e escritor Paulo Venturelli foram o momento da virada definitiva. Hoje sou seu amigo e compartilho com ele minhas escrevinha\u00e7\u00f5es. Tornei-me um leitor mais frequente, embora sempre insatisfeito com meu jeito lento de ler as coisas e com minha incapacidade de lembrar os enredos, os personagens. Especializei-me em Leitura de M\u00faltiplas Linguagens, na PUCPR, e fiz um mestrado em Estudos Liter\u00e1rios, na UFPR, com a disserta\u00e7\u00e3o <i>De luzes e de sombras<\/i>: jogos barrocos em contos fant\u00e1sticos, que me abriu a oportunidade de trabalhar com tradu\u00e7\u00e3o logo depois, vertendo do italiano para o portugu\u00eas a obra <i>O fant\u00e1stico<\/i>, de Remo Ceserani.<\/p>\n<p>Trabalhei como professor em v\u00e1rios n\u00edveis de ensino, fundamental, m\u00e9dio, superior, p\u00f3s-gradua\u00e7\u00e3o, mas resolvi sair da sala de aula, pois constatei que, no meu caso, a atividade de professor de literatura paradoxalmente matava a minha atividade de leitor, entre outros cansa\u00e7os e neurastenias t\u00edpicas da profiss\u00e3o. Trabalhei 19 anos em um col\u00e9gio jesu\u00edta em Curitiba, dando aulas, coordenando um departamento de Arte e Cultura e, depois, um setor chamado Midiaeduca\u00e7\u00e3o. L\u00e1, entrevistamos escritores, fizemos festas liter\u00e1rias com grandes nomes da literatura curitibana e brasileira, tentamos levar as novas e as velhas m\u00eddias para conversar com crian\u00e7as, adolescentes e jovens.<\/p>\n<p>N\u00e3o sou muito original quanto \u00e0s minhas principais leituras, aquelas que me influenciaram: o humor elegante de Machado de Assis e Lima Barreto, mais o Graciliano Ramos e, embora muito longe em termos de estilo, tamb\u00e9m o Guimar\u00e3es Rosa. Gosto da poesia cerebral do Jo\u00e3o Cabral de Melo Neto. Manuel Bandeira e Drummond tamb\u00e9m s\u00e3o belezas evidentes. Temos muitos poetas e prosadores vivos que s\u00e3o t\u00e3o bons quanto os c\u00e2nones. S\u00f3 em Curitiba existe um punhado, mas n\u00e3o quero ser acusado de corporativismo (viu como n\u00f3s, curitibanos, somos? Temos vergonha de nos mostrar, afinal, o que os outros v\u00e3o pensar? E se eu deixo algu\u00e9m de fora da lista?). Dos estrangeiros, gosto do Philip Roth, do Ian McEwan, do Dino Buzzati, do Dostoievski, Am\u00f3s Oz&#8230; Gosto de ler n\u00e3o fic\u00e7\u00e3o tamb\u00e9m.<\/p>\n<p>Recentemente, fiz uma p\u00f3s em Psicologia cl\u00ednica: abordagem psicanal\u00edtica (PUCPR). Agora, fa\u00e7o estudos de forma\u00e7\u00e3o em psican\u00e1lise. Trabalho com oficinas de cria\u00e7\u00e3o liter\u00e1ria e voltei a traduzir. Em geral, obras de filosofia, literatura, psican\u00e1lise. Dei aulas de Experi\u00eancia Est\u00e9tica em curso de p\u00f3s-gradua\u00e7\u00e3o em Comunica\u00e7\u00e3o e Cultura da Universidade Positivo e, em 2020, trabalhei com o m\u00f3dulo de Literatura e Psican\u00e1lise, em outro curso de especializa\u00e7\u00e3o, desta vez na PUCPR. Sou ainda diretor executivo do Litercultura Festival Liter\u00e1rio.<\/p>\n<p>Em 2011, lancei meu primeiro romance, <i>Pequena biografia de desejos<\/i>, pela editora 7Letras. O livro repercutiu de forma positiva em Curitiba. Fiquei feliz com a trajet\u00f3ria que o romance percorreu, principalmente por eu ser um desconhecido no meio liter\u00e1rio.<\/p>\n<p>No primeiro semestre de 2012, escrevi <i>O beijo de Schiller<\/i>, romance que venceu o Pr\u00eamio Governo de Minas Gerais de Literatura. A primeira vers\u00e3o foi escrita em 40 dias ao longo de 2 meses. As revis\u00f5es, no entanto \u2013 releio e reescrevo pelo menos umas cinco vezes \u2013, demoraram bem mais, a ponto de eu quase perder o prazo de envio para o Pr\u00eamio MG, em 2013. Mas deu certo, ainda bem.<\/p>\n<p>De 2014 a 2016, trabalhei exaustivamente\u00a0em meu terceiro romance,\u00a0<em>Vertigem do ch\u00e3o<\/em>, que veio a p\u00fablico em novembro de 2019 e, em 2021, apareceu em uma lista dos livros mais marcantes da d\u00e9cada.<\/p>\n<p>Seja bem-vinda, seja bem-vindo, obrigado pela visita.<\/p>\n<p>Cezar Tridapalli<\/p>\n","protected":false},"excerpt":{"rendered":"<p>Meu nome \u00e9 Cezar Tridapalli e nasci\u00a0em 1974, num bairro discreto \u2013 Vila Hauer \u2013 de uma discreta capital brasileira, [&hellip;]<\/p>\n","protected":false},"author":1,"featured_media":0,"parent":0,"menu_order":10,"comment_status":"open","ping_status":"open","template":"","meta":{"_monsterinsights_skip_tracking":false,"_monsterinsights_sitenote_active":false,"_monsterinsights_sitenote_note":"","_monsterinsights_sitenote_category":0},"_links":{"self":[{"href":"https:\/\/cezartridapalli.com.br\/index.php?rest_route=\/wp\/v2\/pages\/53"}],"collection":[{"href":"https:\/\/cezartridapalli.com.br\/index.php?rest_route=\/wp\/v2\/pages"}],"about":[{"href":"https:\/\/cezartridapalli.com.br\/index.php?rest_route=\/wp\/v2\/types\/page"}],"author":[{"embeddable":true,"href":"https:\/\/cezartridapalli.com.br\/index.php?rest_route=\/wp\/v2\/users\/1"}],"replies":[{"embeddable":true,"href":"https:\/\/cezartridapalli.com.br\/index.php?rest_route=%2Fwp%2Fv2%2Fcomments&post=53"}],"version-history":[{"count":19,"href":"https:\/\/cezartridapalli.com.br\/index.php?rest_route=\/wp\/v2\/pages\/53\/revisions"}],"predecessor-version":[{"id":2527,"href":"https:\/\/cezartridapalli.com.br\/index.php?rest_route=\/wp\/v2\/pages\/53\/revisions\/2527"}],"wp:attachment":[{"href":"https:\/\/cezartridapalli.com.br\/index.php?rest_route=%2Fwp%2Fv2%2Fmedia&parent=53"}],"curies":[{"name":"wp","href":"https:\/\/api.w.org\/{rel}","templated":true}]}}