{"id":973,"date":"2013-06-21T14:19:15","date_gmt":"2013-06-21T14:19:15","guid":{"rendered":"http:\/\/pequenabiografiadedesejos.com.br\/?page_id=973"},"modified":"2019-11-21T18:41:05","modified_gmt":"2019-11-21T18:41:05","slug":"booktrailer","status":"publish","type":"page","link":"https:\/\/cezartridapalli.com.br\/?page_id=973","title":{"rendered":"Booktrailer"},"content":{"rendered":"<p>Assista aqui ao booktrailer dos romances\u00a0<em>Vertigem do ch\u00e3o<\/em>,\u00a0<em>O beijo de Schiller<\/em> e do\u00a0<em>Pequena biografia de desejos<\/em>, todas produ\u00e7\u00f5es do <span style=\"text-decoration: underline;\"><a href=\"http:\/\/vimeo.com\/estudio42\" target=\"_blank\" rel=\"noopener noreferrer\">Est\u00fadio 42<\/a><\/span>.<\/p>\n<p>&nbsp;<\/p>\n<figure class=\"video_frame\"><iframe loading=\"lazy\" title=\"Vertigem do ch\u00e3o\" width=\"500\" height=\"281\" src=\"https:\/\/www.youtube.com\/embed\/CaOMJ1xIRFg?feature=oembed\" frameborder=\"0\" allow=\"accelerometer; autoplay; clipboard-write; encrypted-media; gyroscope; picture-in-picture; web-share\" allowfullscreen><\/iframe><\/figure>\n<p>&nbsp;<\/p>\n<p><iframe loading=\"lazy\" frameborder=\"0\" height=\"281\" src=\"http:\/\/player.vimeo.com\/video\/96856277\" width=\"500\"><\/iframe><\/p>\n<p><a href=\"http:\/\/vimeo.com\/96856277\">O beijo de Schiller<\/a> from <a href=\"http:\/\/vimeo.com\/estudio42\">Est\u00fadio 42<\/a> on <a href=\"http:\/\/vimeo.com\">Vimeo<\/a>.<\/p>\n<p><iframe loading=\"lazy\" frameborder=\"0\" height=\"281\" src=\"http:\/\/player.vimeo.com\/video\/55334930\" width=\"500\"><\/iframe><\/p>\n<p><a href=\"http:\/\/vimeo.com\/55334930\">Pequena Biografia de Desejos<\/a> from <a href=\"http:\/\/vimeo.com\/estudio42\">Est\u00fadio 42<\/a> on <a href=\"http:\/\/vimeo.com\">Vimeo<\/a>.<\/p>\n","protected":false},"excerpt":{"rendered":"<p>Assista aqui ao booktrailer dos romances\u00a0Vertigem do ch\u00e3o,\u00a0O beijo de Schiller e do\u00a0Pequena biografia de desejos, todas produ\u00e7\u00f5es do Est\u00fadio [&hellip;]<\/p>\n","protected":false},"author":1,"featured_media":0,"parent":0,"menu_order":0,"comment_status":"open","ping_status":"open","template":"","meta":{"_monsterinsights_skip_tracking":false,"_monsterinsights_sitenote_active":false,"_monsterinsights_sitenote_note":"","_monsterinsights_sitenote_category":0},"_links":{"self":[{"href":"https:\/\/cezartridapalli.com.br\/index.php?rest_route=\/wp\/v2\/pages\/973"}],"collection":[{"href":"https:\/\/cezartridapalli.com.br\/index.php?rest_route=\/wp\/v2\/pages"}],"about":[{"href":"https:\/\/cezartridapalli.com.br\/index.php?rest_route=\/wp\/v2\/types\/page"}],"author":[{"embeddable":true,"href":"https:\/\/cezartridapalli.com.br\/index.php?rest_route=\/wp\/v2\/users\/1"}],"replies":[{"embeddable":true,"href":"https:\/\/cezartridapalli.com.br\/index.php?rest_route=%2Fwp%2Fv2%2Fcomments&post=973"}],"version-history":[{"count":4,"href":"https:\/\/cezartridapalli.com.br\/index.php?rest_route=\/wp\/v2\/pages\/973\/revisions"}],"predecessor-version":[{"id":2037,"href":"https:\/\/cezartridapalli.com.br\/index.php?rest_route=\/wp\/v2\/pages\/973\/revisions\/2037"}],"wp:attachment":[{"href":"https:\/\/cezartridapalli.com.br\/index.php?rest_route=%2Fwp%2Fv2%2Fmedia&parent=973"}],"curies":[{"name":"wp","href":"https:\/\/api.w.org\/{rel}","templated":true}]}}